{"id":29528,"date":"2025-09-11T10:40:01","date_gmt":"2025-09-11T14:40:01","guid":{"rendered":"https:\/\/albatros.designgo.ca\/?post_type=product&#038;p=29528"},"modified":"2025-11-21T10:05:54","modified_gmt":"2025-11-21T15:05:54","slug":"jogging-junior-under-armour-collection-albatros","status":"publish","type":"product","link":"https:\/\/albatros.designgo.ca\/index.php\/produit\/jogging-junior-under-armour-collection-albatros\/","title":{"rendered":"Jogging Junior Under Armour Collection Albatros"},"content":{"rendered":"","protected":false},"excerpt":{"rendered":"<p>Ceinture \u00e9lastique int\u00e9gr\u00e9e avec cordon de serrage ext\u00e9rieur<br \/>\nPoches ouvertes et poche arri\u00e8re s\u00e9curis\u00e9e \u00e0 bouton-pression<br \/>\nJogging UA Rival Fleece pour gar\u00e7on<br \/>\nCoupe fusel\u00e9e avec poignets c\u00f4tel\u00e9s<br \/>\nPolaire en coton m\u00e9lang\u00e9 ultra-doux avec int\u00e9rieur bross\u00e9 pour plus de chaleur<\/p>\n","protected":false},"featured_media":29521,"template":"","meta":[],"product_brand":[],"product_cat":[90],"product_tag":[],"class_list":{"0":"post-29528","1":"product","2":"type-product","3":"status-publish","4":"has-post-thumbnail","6":"product_cat-junior","8":"first","9":"instock","10":"taxable","11":"shipping-taxable","12":"purchasable","13":"product-type-variable"},"_links":{"self":[{"href":"https:\/\/albatros.designgo.ca\/index.php\/wp-json\/wp\/v2\/product\/29528","targetHints":{"allow":["GET"]}}],"collection":[{"href":"https:\/\/albatros.designgo.ca\/index.php\/wp-json\/wp\/v2\/product"}],"about":[{"href":"https:\/\/albatros.designgo.ca\/index.php\/wp-json\/wp\/v2\/types\/product"}],"version-history":[{"count":2,"href":"https:\/\/albatros.designgo.ca\/index.php\/wp-json\/wp\/v2\/product\/29528\/revisions"}],"predecessor-version":[{"id":29540,"href":"https:\/\/albatros.designgo.ca\/index.php\/wp-json\/wp\/v2\/product\/29528\/revisions\/29540"}],"wp:featuredmedia":[{"embeddable":true,"href":"https:\/\/albatros.designgo.ca\/index.php\/wp-json\/wp\/v2\/media\/29521"}],"wp:attachment":[{"href":"https:\/\/albatros.designgo.ca\/index.php\/wp-json\/wp\/v2\/media?parent=29528"}],"wp:term":[{"taxonomy":"product_brand","embeddable":true,"href":"https:\/\/albatros.designgo.ca\/index.php\/wp-json\/wp\/v2\/product_brand?post=29528"},{"taxonomy":"product_cat","embeddable":true,"href":"https:\/\/albatros.designgo.ca\/index.php\/wp-json\/wp\/v2\/product_cat?post=29528"},{"taxonomy":"product_tag","embeddable":true,"href":"https:\/\/albatros.designgo.ca\/index.php\/wp-json\/wp\/v2\/product_tag?post=29528"}],"curies":[{"name":"wp","href":"https:\/\/api.w.org\/{rel}","templated":true}]}}