{"id":29494,"date":"2025-09-11T07:10:11","date_gmt":"2025-09-11T11:10:11","guid":{"rendered":"https:\/\/albatros.designgo.ca\/?post_type=product&#038;p=29494"},"modified":"2025-09-11T09:56:56","modified_gmt":"2025-09-11T13:56:56","slug":"polo-junior-under-armour-albatros","status":"publish","type":"product","link":"https:\/\/albatros.designgo.ca\/index.php\/produit\/polo-junior-under-armour-albatros\/","title":{"rendered":"Polo Junior Under Armour Albatros"},"content":{"rendered":"","protected":false},"excerpt":{"rendered":"<p>Mati\u00e8re \u00e9vacuant la transpiration et s\u00e9chant tr\u00e8s rapidement<br \/>\nTissu textur\u00e9 doux, l\u00e9ger et respirant<\/p>\n","protected":false},"featured_media":29202,"template":"","meta":[],"product_brand":[],"product_cat":[90],"product_tag":[],"class_list":{"0":"post-29494","1":"product","2":"type-product","3":"status-publish","4":"has-post-thumbnail","6":"product_cat-junior","8":"first","9":"instock","10":"taxable","11":"shipping-taxable","12":"purchasable","13":"product-type-variable"},"_links":{"self":[{"href":"https:\/\/albatros.designgo.ca\/index.php\/wp-json\/wp\/v2\/product\/29494","targetHints":{"allow":["GET"]}}],"collection":[{"href":"https:\/\/albatros.designgo.ca\/index.php\/wp-json\/wp\/v2\/product"}],"about":[{"href":"https:\/\/albatros.designgo.ca\/index.php\/wp-json\/wp\/v2\/types\/product"}],"version-history":[{"count":2,"href":"https:\/\/albatros.designgo.ca\/index.php\/wp-json\/wp\/v2\/product\/29494\/revisions"}],"predecessor-version":[{"id":29517,"href":"https:\/\/albatros.designgo.ca\/index.php\/wp-json\/wp\/v2\/product\/29494\/revisions\/29517"}],"wp:featuredmedia":[{"embeddable":true,"href":"https:\/\/albatros.designgo.ca\/index.php\/wp-json\/wp\/v2\/media\/29202"}],"wp:attachment":[{"href":"https:\/\/albatros.designgo.ca\/index.php\/wp-json\/wp\/v2\/media?parent=29494"}],"wp:term":[{"taxonomy":"product_brand","embeddable":true,"href":"https:\/\/albatros.designgo.ca\/index.php\/wp-json\/wp\/v2\/product_brand?post=29494"},{"taxonomy":"product_cat","embeddable":true,"href":"https:\/\/albatros.designgo.ca\/index.php\/wp-json\/wp\/v2\/product_cat?post=29494"},{"taxonomy":"product_tag","embeddable":true,"href":"https:\/\/albatros.designgo.ca\/index.php\/wp-json\/wp\/v2\/product_tag?post=29494"}],"curies":[{"name":"wp","href":"https:\/\/api.w.org\/{rel}","templated":true}]}}