{"id":29488,"date":"2025-09-11T07:08:25","date_gmt":"2025-09-11T11:08:25","guid":{"rendered":"https:\/\/albatros.designgo.ca\/?post_type=product&#038;p=29488"},"modified":"2025-09-11T09:56:20","modified_gmt":"2025-09-11T13:56:20","slug":"kangourou-junior-under-armour-albatros","status":"publish","type":"product","link":"https:\/\/albatros.designgo.ca\/index.php\/produit\/kangourou-junior-under-armour-albatros\/","title":{"rendered":"Kangourou Junior Under Armour Albatros"},"content":{"rendered":"","protected":false},"excerpt":{"rendered":"<p>Tissu molletonn\u00e9 en m\u00e9lange de coton ultra-doux avec int\u00e9rieur bross\u00e9 pour plus de chaleur<br \/>\nPoche kangourou sur le devant<br \/>\nPoignets et ourlet inf\u00e9rieur c\u00f4tel\u00e9s<\/p>\n","protected":false},"featured_media":29193,"template":"","meta":[],"product_brand":[],"product_cat":[90],"product_tag":[],"class_list":{"0":"post-29488","1":"product","2":"type-product","3":"status-publish","4":"has-post-thumbnail","6":"product_cat-junior","8":"first","9":"instock","10":"taxable","11":"shipping-taxable","12":"purchasable","13":"product-type-variable"},"_links":{"self":[{"href":"https:\/\/albatros.designgo.ca\/index.php\/wp-json\/wp\/v2\/product\/29488","targetHints":{"allow":["GET"]}}],"collection":[{"href":"https:\/\/albatros.designgo.ca\/index.php\/wp-json\/wp\/v2\/product"}],"about":[{"href":"https:\/\/albatros.designgo.ca\/index.php\/wp-json\/wp\/v2\/types\/product"}],"version-history":[{"count":1,"href":"https:\/\/albatros.designgo.ca\/index.php\/wp-json\/wp\/v2\/product\/29488\/revisions"}],"predecessor-version":[{"id":29493,"href":"https:\/\/albatros.designgo.ca\/index.php\/wp-json\/wp\/v2\/product\/29488\/revisions\/29493"}],"wp:featuredmedia":[{"embeddable":true,"href":"https:\/\/albatros.designgo.ca\/index.php\/wp-json\/wp\/v2\/media\/29193"}],"wp:attachment":[{"href":"https:\/\/albatros.designgo.ca\/index.php\/wp-json\/wp\/v2\/media?parent=29488"}],"wp:term":[{"taxonomy":"product_brand","embeddable":true,"href":"https:\/\/albatros.designgo.ca\/index.php\/wp-json\/wp\/v2\/product_brand?post=29488"},{"taxonomy":"product_cat","embeddable":true,"href":"https:\/\/albatros.designgo.ca\/index.php\/wp-json\/wp\/v2\/product_cat?post=29488"},{"taxonomy":"product_tag","embeddable":true,"href":"https:\/\/albatros.designgo.ca\/index.php\/wp-json\/wp\/v2\/product_tag?post=29488"}],"curies":[{"name":"wp","href":"https:\/\/api.w.org\/{rel}","templated":true}]}}