{"id":29236,"date":"2025-08-27T09:18:11","date_gmt":"2025-08-27T13:18:11","guid":{"rendered":"https:\/\/albatros.designgo.ca\/?post_type=product&#038;p=29236"},"modified":"2025-09-03T14:57:04","modified_gmt":"2025-09-03T18:57:04","slug":"manteau-collection-vintage","status":"publish","type":"product","link":"https:\/\/albatros.designgo.ca\/index.php\/produit\/manteau-collection-vintage\/","title":{"rendered":"Manteau Collection Vintage"},"content":{"rendered":"","protected":false},"excerpt":{"rendered":"<p>39 g\/m\u00b2 \u2013 1,2 oz\/yd2 \u2013 2 oz\/yd lin. 100 % taffetas de polyester avec finition d\u00e9perlante.<br \/>\nIsolation : 90 % duvet, 10 % plumes.<br \/>\nDoudoune ultra-l\u00e9g\u00e8re.<br \/>\nIsolation en duvet chaude et hautement compressible.<br \/>\nPochette int\u00e9gr\u00e9e.<br \/>\nFermeture \u00e0 glissi\u00e8re YKK invers\u00e9e contrast\u00e9e sur le devant avec tirette logot\u00e9e.<br \/>\nPoches ext\u00e9rieures avec fermeture \u00e0 glissi\u00e8re de couleur contrastante.<br \/>\nPoignets \u00e9lastiqu\u00e9s, ourlet arri\u00e8re plus long.<\/p>\n","protected":false},"featured_media":29237,"template":"","meta":[],"product_brand":[],"product_cat":[83],"product_tag":[],"class_list":{"0":"post-29236","1":"product","2":"type-product","3":"status-publish","4":"has-post-thumbnail","6":"product_cat-collection-vintage","8":"first","9":"instock","10":"taxable","11":"shipping-taxable","12":"purchasable","13":"product-type-variable"},"_links":{"self":[{"href":"https:\/\/albatros.designgo.ca\/index.php\/wp-json\/wp\/v2\/product\/29236","targetHints":{"allow":["GET"]}}],"collection":[{"href":"https:\/\/albatros.designgo.ca\/index.php\/wp-json\/wp\/v2\/product"}],"about":[{"href":"https:\/\/albatros.designgo.ca\/index.php\/wp-json\/wp\/v2\/types\/product"}],"version-history":[{"count":2,"href":"https:\/\/albatros.designgo.ca\/index.php\/wp-json\/wp\/v2\/product\/29236\/revisions"}],"predecessor-version":[{"id":29335,"href":"https:\/\/albatros.designgo.ca\/index.php\/wp-json\/wp\/v2\/product\/29236\/revisions\/29335"}],"wp:featuredmedia":[{"embeddable":true,"href":"https:\/\/albatros.designgo.ca\/index.php\/wp-json\/wp\/v2\/media\/29237"}],"wp:attachment":[{"href":"https:\/\/albatros.designgo.ca\/index.php\/wp-json\/wp\/v2\/media?parent=29236"}],"wp:term":[{"taxonomy":"product_brand","embeddable":true,"href":"https:\/\/albatros.designgo.ca\/index.php\/wp-json\/wp\/v2\/product_brand?post=29236"},{"taxonomy":"product_cat","embeddable":true,"href":"https:\/\/albatros.designgo.ca\/index.php\/wp-json\/wp\/v2\/product_cat?post=29236"},{"taxonomy":"product_tag","embeddable":true,"href":"https:\/\/albatros.designgo.ca\/index.php\/wp-json\/wp\/v2\/product_tag?post=29236"}],"curies":[{"name":"wp","href":"https:\/\/api.w.org\/{rel}","templated":true}]}}