{"id":29209,"date":"2025-08-27T08:50:17","date_gmt":"2025-08-27T12:50:17","guid":{"rendered":"https:\/\/albatros.designgo.ca\/?post_type=product&#038;p=29209"},"modified":"2025-09-03T14:46:15","modified_gmt":"2025-09-03T18:46:15","slug":"t-shirt-under-armour-albatros","status":"publish","type":"product","link":"https:\/\/albatros.designgo.ca\/index.php\/produit\/t-shirt-under-armour-albatros\/","title":{"rendered":"T-Shirt Under Armour Albatros"},"content":{"rendered":"","protected":false},"excerpt":{"rendered":"<p>S\u00e9chage en machine \u00e0 basse temp\u00e9rature<br \/>\nLe tissu principal contient au moins 40 % de polyester recycl\u00e9, hors finitions et ornements<br \/>\nNe pas utiliser d&rsquo;adoucissant<br \/>\nLavage en machine \u00e0 froid avec des couleurs similaires<br \/>\nCol c\u00f4tel\u00e9<br \/>\nLaver le v\u00eatement \u00e0 l&rsquo;envers<br \/>\nNe pas repasser<br \/>\nManches courtes UA Athletics pour homme<br \/>\nNe pas nettoyer \u00e0 sec<br \/>\nTissu ultra-doux en m\u00e9lange de coton pour un confort optimal tout au long de la journ\u00e9e<br \/>\nMotifs manches courtes pour homme<br \/>\nUtiliser uniquement de l&rsquo;eau de Javel sans chlore si n\u00e9cessaire<\/p>\n","protected":false},"featured_media":29210,"template":"","meta":[],"product_brand":[],"product_cat":[85],"product_tag":[],"class_list":{"0":"post-29209","1":"product","2":"type-product","3":"status-publish","4":"has-post-thumbnail","6":"product_cat-collection-albatros","8":"first","9":"instock","10":"taxable","11":"shipping-taxable","12":"purchasable","13":"product-type-variable"},"_links":{"self":[{"href":"https:\/\/albatros.designgo.ca\/index.php\/wp-json\/wp\/v2\/product\/29209","targetHints":{"allow":["GET"]}}],"collection":[{"href":"https:\/\/albatros.designgo.ca\/index.php\/wp-json\/wp\/v2\/product"}],"about":[{"href":"https:\/\/albatros.designgo.ca\/index.php\/wp-json\/wp\/v2\/types\/product"}],"version-history":[{"count":3,"href":"https:\/\/albatros.designgo.ca\/index.php\/wp-json\/wp\/v2\/product\/29209\/revisions"}],"predecessor-version":[{"id":29348,"href":"https:\/\/albatros.designgo.ca\/index.php\/wp-json\/wp\/v2\/product\/29209\/revisions\/29348"}],"wp:featuredmedia":[{"embeddable":true,"href":"https:\/\/albatros.designgo.ca\/index.php\/wp-json\/wp\/v2\/media\/29210"}],"wp:attachment":[{"href":"https:\/\/albatros.designgo.ca\/index.php\/wp-json\/wp\/v2\/media?parent=29209"}],"wp:term":[{"taxonomy":"product_brand","embeddable":true,"href":"https:\/\/albatros.designgo.ca\/index.php\/wp-json\/wp\/v2\/product_brand?post=29209"},{"taxonomy":"product_cat","embeddable":true,"href":"https:\/\/albatros.designgo.ca\/index.php\/wp-json\/wp\/v2\/product_cat?post=29209"},{"taxonomy":"product_tag","embeddable":true,"href":"https:\/\/albatros.designgo.ca\/index.php\/wp-json\/wp\/v2\/product_tag?post=29209"}],"curies":[{"name":"wp","href":"https:\/\/api.w.org\/{rel}","templated":true}]}}