{"id":29192,"date":"2025-08-26T16:50:26","date_gmt":"2025-08-26T20:50:26","guid":{"rendered":"https:\/\/albatros.designgo.ca\/?post_type=product&#038;p=29192"},"modified":"2025-09-11T08:20:55","modified_gmt":"2025-09-11T12:20:55","slug":"kangourou-under-armour-albatros","status":"publish","type":"product","link":"https:\/\/albatros.designgo.ca\/index.php\/produit\/kangourou-under-armour-albatros\/","title":{"rendered":"Kangourou Under Armour Albatros"},"content":{"rendered":"","protected":false},"excerpt":{"rendered":"<p>Tissu molletonn\u00e9 en m\u00e9lange de coton ultra-doux avec int\u00e9rieur bross\u00e9 pour plus de chaleur<br \/>\nPoche kangourou sur le devant<br \/>\nPoignets et ourlet inf\u00e9rieur c\u00f4tel\u00e9s<\/p>\n","protected":false},"featured_media":29193,"template":"","meta":[],"product_brand":[],"product_cat":[85],"product_tag":[],"class_list":{"0":"post-29192","1":"product","2":"type-product","3":"status-publish","4":"has-post-thumbnail","6":"product_cat-collection-albatros","8":"first","9":"instock","10":"taxable","11":"shipping-taxable","12":"purchasable","13":"product-type-variable"},"_links":{"self":[{"href":"https:\/\/albatros.designgo.ca\/index.php\/wp-json\/wp\/v2\/product\/29192","targetHints":{"allow":["GET"]}}],"collection":[{"href":"https:\/\/albatros.designgo.ca\/index.php\/wp-json\/wp\/v2\/product"}],"about":[{"href":"https:\/\/albatros.designgo.ca\/index.php\/wp-json\/wp\/v2\/types\/product"}],"version-history":[{"count":3,"href":"https:\/\/albatros.designgo.ca\/index.php\/wp-json\/wp\/v2\/product\/29192\/revisions"}],"predecessor-version":[{"id":29509,"href":"https:\/\/albatros.designgo.ca\/index.php\/wp-json\/wp\/v2\/product\/29192\/revisions\/29509"}],"wp:featuredmedia":[{"embeddable":true,"href":"https:\/\/albatros.designgo.ca\/index.php\/wp-json\/wp\/v2\/media\/29193"}],"wp:attachment":[{"href":"https:\/\/albatros.designgo.ca\/index.php\/wp-json\/wp\/v2\/media?parent=29192"}],"wp:term":[{"taxonomy":"product_brand","embeddable":true,"href":"https:\/\/albatros.designgo.ca\/index.php\/wp-json\/wp\/v2\/product_brand?post=29192"},{"taxonomy":"product_cat","embeddable":true,"href":"https:\/\/albatros.designgo.ca\/index.php\/wp-json\/wp\/v2\/product_cat?post=29192"},{"taxonomy":"product_tag","embeddable":true,"href":"https:\/\/albatros.designgo.ca\/index.php\/wp-json\/wp\/v2\/product_tag?post=29192"}],"curies":[{"name":"wp","href":"https:\/\/api.w.org\/{rel}","templated":true}]}}