{"id":29175,"date":"2025-08-26T16:27:01","date_gmt":"2025-08-26T20:27:01","guid":{"rendered":"https:\/\/albatros.designgo.ca\/?post_type=product&#038;p=29175"},"modified":"2025-09-11T10:08:42","modified_gmt":"2025-09-11T14:08:42","slug":"culotte-courte-under-armour-20-ans","status":"publish","type":"product","link":"https:\/\/albatros.designgo.ca\/index.php\/produit\/culotte-courte-under-armour-20-ans\/","title":{"rendered":"Culotte Courte Under Armour 20 ans"},"content":{"rendered":"","protected":false},"excerpt":{"rendered":"<p>Tissu en maille lisse, l\u00e9ger et \u00e0 s\u00e9chage rapide pour des performances sup\u00e9rieures<br \/>\nShort UA Challenger 18 cm pour homme<br \/>\nMati\u00e8re \u00e9vacuant la transpiration et s\u00e9chant tr\u00e8s rapidement<br \/>\nCeinture \u00e9lastique int\u00e9gr\u00e9e avec cordon de serrage interne<br \/>\nCoupe modernis\u00e9e et plus \u00e9pur\u00e9e<br \/>\nTechnologie de contr\u00f4le des odeurs pour minimiser les odeurs<\/p>\n","protected":false},"featured_media":29413,"template":"","meta":[],"product_brand":[],"product_cat":[84],"product_tag":[],"class_list":{"0":"post-29175","1":"product","2":"type-product","3":"status-publish","4":"has-post-thumbnail","6":"product_cat-collection-20-ans","8":"first","9":"instock","10":"taxable","11":"shipping-taxable","12":"purchasable","13":"product-type-variable"},"_links":{"self":[{"href":"https:\/\/albatros.designgo.ca\/index.php\/wp-json\/wp\/v2\/product\/29175","targetHints":{"allow":["GET"]}}],"collection":[{"href":"https:\/\/albatros.designgo.ca\/index.php\/wp-json\/wp\/v2\/product"}],"about":[{"href":"https:\/\/albatros.designgo.ca\/index.php\/wp-json\/wp\/v2\/types\/product"}],"version-history":[{"count":3,"href":"https:\/\/albatros.designgo.ca\/index.php\/wp-json\/wp\/v2\/product\/29175\/revisions"}],"predecessor-version":[{"id":29415,"href":"https:\/\/albatros.designgo.ca\/index.php\/wp-json\/wp\/v2\/product\/29175\/revisions\/29415"}],"wp:featuredmedia":[{"embeddable":true,"href":"https:\/\/albatros.designgo.ca\/index.php\/wp-json\/wp\/v2\/media\/29413"}],"wp:attachment":[{"href":"https:\/\/albatros.designgo.ca\/index.php\/wp-json\/wp\/v2\/media?parent=29175"}],"wp:term":[{"taxonomy":"product_brand","embeddable":true,"href":"https:\/\/albatros.designgo.ca\/index.php\/wp-json\/wp\/v2\/product_brand?post=29175"},{"taxonomy":"product_cat","embeddable":true,"href":"https:\/\/albatros.designgo.ca\/index.php\/wp-json\/wp\/v2\/product_cat?post=29175"},{"taxonomy":"product_tag","embeddable":true,"href":"https:\/\/albatros.designgo.ca\/index.php\/wp-json\/wp\/v2\/product_tag?post=29175"}],"curies":[{"name":"wp","href":"https:\/\/api.w.org\/{rel}","templated":true}]}}