{"id":29159,"date":"2025-08-26T16:19:33","date_gmt":"2025-08-26T20:19:33","guid":{"rendered":"https:\/\/albatros.designgo.ca\/?post_type=product&#038;p=29159"},"modified":"2025-09-03T14:53:08","modified_gmt":"2025-09-03T18:53:08","slug":"polo-under-armour-20-ans","status":"publish","type":"product","link":"https:\/\/albatros.designgo.ca\/index.php\/produit\/polo-under-armour-20-ans\/","title":{"rendered":"Polo Under Armour 20 ans"},"content":{"rendered":"","protected":false},"excerpt":{"rendered":"<p>S\u00e9chage en machine \u00e0 basse temp\u00e9rature<br \/>\nNe pas utiliser d\u2019adoucissant<br \/>\nPolos manches courtes homme<br \/>\nLavage en machine \u00e0 froid avec des couleurs similaires<br \/>\nPolo UA Tech\u2122 Team homme<br \/>\nLaver le v\u00eatement \u00e0 l\u2019envers<br \/>\nNe pas repasser<br \/>\nNe pas nettoyer \u00e0 sec<br \/>\nUtiliser uniquement de l\u2019eau de Javel sans chlore si n\u00e9cessaire<br \/>\nMati\u00e8re \u00e9vacuant la transpiration et s\u00e9chant tr\u00e8s rapidement<br \/>\nTissu textur\u00e9 doux, l\u00e9ger et respirant<\/p>\n","protected":false},"featured_media":29160,"template":"","meta":[],"product_brand":[],"product_cat":[84],"product_tag":[],"class_list":{"0":"post-29159","1":"product","2":"type-product","3":"status-publish","4":"has-post-thumbnail","6":"product_cat-collection-20-ans","8":"first","9":"instock","10":"taxable","11":"shipping-taxable","12":"purchasable","13":"product-type-variable"},"_links":{"self":[{"href":"https:\/\/albatros.designgo.ca\/index.php\/wp-json\/wp\/v2\/product\/29159","targetHints":{"allow":["GET"]}}],"collection":[{"href":"https:\/\/albatros.designgo.ca\/index.php\/wp-json\/wp\/v2\/product"}],"about":[{"href":"https:\/\/albatros.designgo.ca\/index.php\/wp-json\/wp\/v2\/types\/product"}],"version-history":[{"count":2,"href":"https:\/\/albatros.designgo.ca\/index.php\/wp-json\/wp\/v2\/product\/29159\/revisions"}],"predecessor-version":[{"id":29329,"href":"https:\/\/albatros.designgo.ca\/index.php\/wp-json\/wp\/v2\/product\/29159\/revisions\/29329"}],"wp:featuredmedia":[{"embeddable":true,"href":"https:\/\/albatros.designgo.ca\/index.php\/wp-json\/wp\/v2\/media\/29160"}],"wp:attachment":[{"href":"https:\/\/albatros.designgo.ca\/index.php\/wp-json\/wp\/v2\/media?parent=29159"}],"wp:term":[{"taxonomy":"product_brand","embeddable":true,"href":"https:\/\/albatros.designgo.ca\/index.php\/wp-json\/wp\/v2\/product_brand?post=29159"},{"taxonomy":"product_cat","embeddable":true,"href":"https:\/\/albatros.designgo.ca\/index.php\/wp-json\/wp\/v2\/product_cat?post=29159"},{"taxonomy":"product_tag","embeddable":true,"href":"https:\/\/albatros.designgo.ca\/index.php\/wp-json\/wp\/v2\/product_tag?post=29159"}],"curies":[{"name":"wp","href":"https:\/\/api.w.org\/{rel}","templated":true}]}}