{"id":29143,"date":"2025-08-26T16:12:53","date_gmt":"2025-08-26T20:12:53","guid":{"rendered":"https:\/\/albatros.designgo.ca\/?post_type=product&#038;p=29143"},"modified":"2025-09-03T14:52:43","modified_gmt":"2025-09-03T18:52:43","slug":"kangourou-under-armour-20-ans","status":"publish","type":"product","link":"https:\/\/albatros.designgo.ca\/index.php\/produit\/kangourou-under-armour-20-ans\/","title":{"rendered":"Kangourou Under Armour 20 ans"},"content":{"rendered":"","protected":false},"excerpt":{"rendered":"<p>Tissu molletonn\u00e9 en m\u00e9lange de coton ultra-doux avec int\u00e9rieur bross\u00e9 pour plus de chaleur<br \/>\nPoche kangourou sur le devant<br \/>\nPoignets et ourlet inf\u00e9rieur c\u00f4tel\u00e9s<\/p>\n","protected":false},"featured_media":29155,"template":"","meta":[],"product_brand":[],"product_cat":[84],"product_tag":[],"class_list":{"0":"post-29143","1":"product","2":"type-product","3":"status-publish","4":"has-post-thumbnail","6":"product_cat-collection-20-ans","8":"first","9":"instock","10":"taxable","11":"shipping-taxable","12":"purchasable","13":"product-type-variable"},"_links":{"self":[{"href":"https:\/\/albatros.designgo.ca\/index.php\/wp-json\/wp\/v2\/product\/29143","targetHints":{"allow":["GET"]}}],"collection":[{"href":"https:\/\/albatros.designgo.ca\/index.php\/wp-json\/wp\/v2\/product"}],"about":[{"href":"https:\/\/albatros.designgo.ca\/index.php\/wp-json\/wp\/v2\/types\/product"}],"version-history":[{"count":2,"href":"https:\/\/albatros.designgo.ca\/index.php\/wp-json\/wp\/v2\/product\/29143\/revisions"}],"predecessor-version":[{"id":29324,"href":"https:\/\/albatros.designgo.ca\/index.php\/wp-json\/wp\/v2\/product\/29143\/revisions\/29324"}],"wp:featuredmedia":[{"embeddable":true,"href":"https:\/\/albatros.designgo.ca\/index.php\/wp-json\/wp\/v2\/media\/29155"}],"wp:attachment":[{"href":"https:\/\/albatros.designgo.ca\/index.php\/wp-json\/wp\/v2\/media?parent=29143"}],"wp:term":[{"taxonomy":"product_brand","embeddable":true,"href":"https:\/\/albatros.designgo.ca\/index.php\/wp-json\/wp\/v2\/product_brand?post=29143"},{"taxonomy":"product_cat","embeddable":true,"href":"https:\/\/albatros.designgo.ca\/index.php\/wp-json\/wp\/v2\/product_cat?post=29143"},{"taxonomy":"product_tag","embeddable":true,"href":"https:\/\/albatros.designgo.ca\/index.php\/wp-json\/wp\/v2\/product_tag?post=29143"}],"curies":[{"name":"wp","href":"https:\/\/api.w.org\/{rel}","templated":true}]}}