{"id":29139,"date":"2025-08-26T15:20:04","date_gmt":"2025-08-26T19:20:04","guid":{"rendered":"https:\/\/albatros.designgo.ca\/?post_type=product&#038;p=29139"},"modified":"2025-10-24T10:53:27","modified_gmt":"2025-10-24T14:53:27","slug":"sac-de-sports-under-armour-20-ans","status":"publish","type":"product","link":"https:\/\/albatros.designgo.ca\/index.php\/produit\/sac-de-sports-under-armour-20-ans\/","title":{"rendered":"Sac de sports Under Armour 20 ans"},"content":{"rendered":"","protected":false},"excerpt":{"rendered":"<p>Grande poche avant zipp\u00e9e et points d&rsquo;attache pour sangles Molle<br \/>\nSacs de sport unisexes<br \/>\nGrande poche ventil\u00e9e pour le linge ou les chaussures et poches int\u00e9rieures pour plus de rangement<br \/>\nSac de sport UA Undeniable 5.0 moyen<br \/>\nLa technologie UA Storm offre une finition hautement d\u00e9perlante et r\u00e9sistante aux intemp\u00e9ries<br \/>\nBandouli\u00e8re HeatGear\u00ae amovible et rembourr\u00e9e se range facilement dans la poche lat\u00e9rale<br \/>\nDouble poche pour bouteille d&rsquo;eau<br \/>\nPanneaux inf\u00e9rieurs et lat\u00e9raux robustes, rev\u00eatus de TPU et doubl\u00e9s de mousse, pour une durabilit\u00e9 et une structure accrues<br \/>\nPoign\u00e9e sup\u00e9rieure rembourr\u00e9e<\/p>\n<p>Couleur Marine<\/p>\n","protected":false},"featured_media":29140,"template":"","meta":[],"product_brand":[],"product_cat":[84,90],"product_tag":[],"class_list":{"0":"post-29139","1":"product","2":"type-product","3":"status-publish","4":"has-post-thumbnail","6":"product_cat-collection-20-ans","7":"product_cat-junior","9":"first","10":"instock","11":"taxable","12":"shipping-taxable","13":"purchasable","14":"product-type-simple"},"_links":{"self":[{"href":"https:\/\/albatros.designgo.ca\/index.php\/wp-json\/wp\/v2\/product\/29139","targetHints":{"allow":["GET"]}}],"collection":[{"href":"https:\/\/albatros.designgo.ca\/index.php\/wp-json\/wp\/v2\/product"}],"about":[{"href":"https:\/\/albatros.designgo.ca\/index.php\/wp-json\/wp\/v2\/types\/product"}],"version-history":[{"count":3,"href":"https:\/\/albatros.designgo.ca\/index.php\/wp-json\/wp\/v2\/product\/29139\/revisions"}],"predecessor-version":[{"id":29332,"href":"https:\/\/albatros.designgo.ca\/index.php\/wp-json\/wp\/v2\/product\/29139\/revisions\/29332"}],"wp:featuredmedia":[{"embeddable":true,"href":"https:\/\/albatros.designgo.ca\/index.php\/wp-json\/wp\/v2\/media\/29140"}],"wp:attachment":[{"href":"https:\/\/albatros.designgo.ca\/index.php\/wp-json\/wp\/v2\/media?parent=29139"}],"wp:term":[{"taxonomy":"product_brand","embeddable":true,"href":"https:\/\/albatros.designgo.ca\/index.php\/wp-json\/wp\/v2\/product_brand?post=29139"},{"taxonomy":"product_cat","embeddable":true,"href":"https:\/\/albatros.designgo.ca\/index.php\/wp-json\/wp\/v2\/product_cat?post=29139"},{"taxonomy":"product_tag","embeddable":true,"href":"https:\/\/albatros.designgo.ca\/index.php\/wp-json\/wp\/v2\/product_tag?post=29139"}],"curies":[{"name":"wp","href":"https:\/\/api.w.org\/{rel}","templated":true}]}}