{"id":29133,"date":"2025-08-26T15:10:40","date_gmt":"2025-08-26T19:10:40","guid":{"rendered":"https:\/\/albatros.designgo.ca\/?post_type=product&#038;p=29133"},"modified":"2025-10-24T10:53:39","modified_gmt":"2025-10-24T14:53:39","slug":"sac-a-dos-under-armour-20-ans","status":"publish","type":"product","link":"https:\/\/albatros.designgo.ca\/index.php\/produit\/sac-a-dos-under-armour-20-ans\/","title":{"rendered":"Sac \u00e0 dos Under Armour 20 ans"},"content":{"rendered":"","protected":false},"excerpt":{"rendered":"<p>Syst\u00e8me de sangles LEVELED\u2122 pour un r\u00e9glage uniforme et une r\u00e9partition \u00e9quilibr\u00e9e du poids.<br \/>\nSac \u00e0 dos UA Hustle 6.0 Team<br \/>\nPoches avant zipp\u00e9es s\u00e9curis\u00e9es pour ranger vos essentiels et poche lat\u00e9rale pour bouteille d\u2019eau de 32oz.<br \/>\nHousse pour ordinateur portable doubl\u00e9e de tissu doux\u00a0: peut accueillir un MacBook Pro\u00ae 16 pouces ou un ordinateur portable de taille similaire.<br \/>\nSangle Molle pour des points d\u2019attache suppl\u00e9mentaires.<br \/>\nLe clip de sangle fonctionne mieux lorsque le clip de poitrine est fix\u00e9.<br \/>\nLa technologie imperm\u00e9able UA Storm garde vos essentiels au sec.<br \/>\nLe clip de sangle UA Strap Clip\u2122 r\u00e9glable et amovible sur l\u2019\u00e9paule emp\u00eache le sac de tomber lorsque vous portez les deux.<br \/>\nCompartiment principal enti\u00e8rement extensible pour ranger tout votre \u00e9quipement, et compartiment secondaire pouvant servir de poche \u00e0 chaussures ou \u00e0 linge.<\/p>\n","protected":false},"featured_media":29135,"template":"","meta":[],"product_brand":[],"product_cat":[84,90],"product_tag":[],"class_list":{"0":"post-29133","1":"product","2":"type-product","3":"status-publish","4":"has-post-thumbnail","6":"product_cat-collection-20-ans","7":"product_cat-junior","9":"first","10":"instock","11":"taxable","12":"shipping-taxable","13":"purchasable","14":"product-type-variable"},"_links":{"self":[{"href":"https:\/\/albatros.designgo.ca\/index.php\/wp-json\/wp\/v2\/product\/29133","targetHints":{"allow":["GET"]}}],"collection":[{"href":"https:\/\/albatros.designgo.ca\/index.php\/wp-json\/wp\/v2\/product"}],"about":[{"href":"https:\/\/albatros.designgo.ca\/index.php\/wp-json\/wp\/v2\/types\/product"}],"version-history":[{"count":3,"href":"https:\/\/albatros.designgo.ca\/index.php\/wp-json\/wp\/v2\/product\/29133\/revisions"}],"predecessor-version":[{"id":29330,"href":"https:\/\/albatros.designgo.ca\/index.php\/wp-json\/wp\/v2\/product\/29133\/revisions\/29330"}],"wp:featuredmedia":[{"embeddable":true,"href":"https:\/\/albatros.designgo.ca\/index.php\/wp-json\/wp\/v2\/media\/29135"}],"wp:attachment":[{"href":"https:\/\/albatros.designgo.ca\/index.php\/wp-json\/wp\/v2\/media?parent=29133"}],"wp:term":[{"taxonomy":"product_brand","embeddable":true,"href":"https:\/\/albatros.designgo.ca\/index.php\/wp-json\/wp\/v2\/product_brand?post=29133"},{"taxonomy":"product_cat","embeddable":true,"href":"https:\/\/albatros.designgo.ca\/index.php\/wp-json\/wp\/v2\/product_cat?post=29133"},{"taxonomy":"product_tag","embeddable":true,"href":"https:\/\/albatros.designgo.ca\/index.php\/wp-json\/wp\/v2\/product_tag?post=29133"}],"curies":[{"name":"wp","href":"https:\/\/api.w.org\/{rel}","templated":true}]}}