{"id":29120,"date":"2025-08-26T14:45:56","date_gmt":"2025-08-26T18:45:56","guid":{"rendered":"https:\/\/albatros.designgo.ca\/?post_type=product&#038;p=29120"},"modified":"2025-09-03T14:48:55","modified_gmt":"2025-09-03T18:48:55","slug":"casquette-20-ans","status":"publish","type":"product","link":"https:\/\/albatros.designgo.ca\/index.php\/produit\/casquette-20-ans\/","title":{"rendered":"Casquette 20 ans"},"content":{"rendered":"","protected":false},"excerpt":{"rendered":"<p>Casquette structur\u00e9e \u00e0 six panneaux et profil moyen<br \/>\nVisi\u00e8re pr\u00e9-courb\u00e9e modelable avec dessous de visi\u00e8re argent\u00e9 contrastant<br \/>\nTissu en m\u00e9lange polyester\/sport avec c\u00f4t\u00e9s et dos perfor\u00e9s<br \/>\nProtection UV et \u00e9vacuation de l&rsquo;humidit\u00e9<br \/>\nBandeau anti-transpiration r\u00e9glable avec technologie 110 et fermeture \u00e0 pression en plastique \u00e0 l&rsquo;arri\u00e8re<\/p>\n","protected":false},"featured_media":29124,"template":"","meta":[],"product_brand":[],"product_cat":[84],"product_tag":[],"class_list":{"0":"post-29120","1":"product","2":"type-product","3":"status-publish","4":"has-post-thumbnail","6":"product_cat-collection-20-ans","8":"first","9":"instock","10":"taxable","11":"shipping-taxable","12":"purchasable","13":"product-type-variable"},"_links":{"self":[{"href":"https:\/\/albatros.designgo.ca\/index.php\/wp-json\/wp\/v2\/product\/29120","targetHints":{"allow":["GET"]}}],"collection":[{"href":"https:\/\/albatros.designgo.ca\/index.php\/wp-json\/wp\/v2\/product"}],"about":[{"href":"https:\/\/albatros.designgo.ca\/index.php\/wp-json\/wp\/v2\/types\/product"}],"version-history":[{"count":4,"href":"https:\/\/albatros.designgo.ca\/index.php\/wp-json\/wp\/v2\/product\/29120\/revisions"}],"predecessor-version":[{"id":29321,"href":"https:\/\/albatros.designgo.ca\/index.php\/wp-json\/wp\/v2\/product\/29120\/revisions\/29321"}],"wp:featuredmedia":[{"embeddable":true,"href":"https:\/\/albatros.designgo.ca\/index.php\/wp-json\/wp\/v2\/media\/29124"}],"wp:attachment":[{"href":"https:\/\/albatros.designgo.ca\/index.php\/wp-json\/wp\/v2\/media?parent=29120"}],"wp:term":[{"taxonomy":"product_brand","embeddable":true,"href":"https:\/\/albatros.designgo.ca\/index.php\/wp-json\/wp\/v2\/product_brand?post=29120"},{"taxonomy":"product_cat","embeddable":true,"href":"https:\/\/albatros.designgo.ca\/index.php\/wp-json\/wp\/v2\/product_cat?post=29120"},{"taxonomy":"product_tag","embeddable":true,"href":"https:\/\/albatros.designgo.ca\/index.php\/wp-json\/wp\/v2\/product_tag?post=29120"}],"curies":[{"name":"wp","href":"https:\/\/api.w.org\/{rel}","templated":true}]}}