{"id":29107,"date":"2025-08-21T14:44:38","date_gmt":"2025-08-21T18:44:38","guid":{"rendered":"https:\/\/albatros.designgo.ca\/?post_type=product&#038;p=29107"},"modified":"2025-09-03T14:56:35","modified_gmt":"2025-09-03T18:56:35","slug":"casquette-de-style-trucker","status":"publish","type":"product","link":"https:\/\/albatros.designgo.ca\/index.php\/produit\/casquette-de-style-trucker\/","title":{"rendered":"Casquette de style \u00ab\u00a0Trucker\u00a0\u00bb"},"content":{"rendered":"","protected":false},"excerpt":{"rendered":"<p>Casquette basse non structur\u00e9e \u00e0 six panneaux<br \/>\nSerg\u00e9 de coton teint pigment\u00e9 d\u00e9lav\u00e9 avec maille camionneur d\u00e9lav\u00e9e<br \/>\nLanguette de r\u00e9glage en plastique<\/p>\n","protected":false},"featured_media":29108,"template":"","meta":[],"product_brand":[],"product_cat":[83],"product_tag":[],"class_list":{"0":"post-29107","1":"product","2":"type-product","3":"status-publish","4":"has-post-thumbnail","6":"product_cat-collection-vintage","8":"first","9":"instock","10":"taxable","11":"shipping-taxable","12":"purchasable","13":"product-type-simple"},"_links":{"self":[{"href":"https:\/\/albatros.designgo.ca\/index.php\/wp-json\/wp\/v2\/product\/29107","targetHints":{"allow":["GET"]}}],"collection":[{"href":"https:\/\/albatros.designgo.ca\/index.php\/wp-json\/wp\/v2\/product"}],"about":[{"href":"https:\/\/albatros.designgo.ca\/index.php\/wp-json\/wp\/v2\/types\/product"}],"version-history":[{"count":2,"href":"https:\/\/albatros.designgo.ca\/index.php\/wp-json\/wp\/v2\/product\/29107\/revisions"}],"predecessor-version":[{"id":29336,"href":"https:\/\/albatros.designgo.ca\/index.php\/wp-json\/wp\/v2\/product\/29107\/revisions\/29336"}],"wp:featuredmedia":[{"embeddable":true,"href":"https:\/\/albatros.designgo.ca\/index.php\/wp-json\/wp\/v2\/media\/29108"}],"wp:attachment":[{"href":"https:\/\/albatros.designgo.ca\/index.php\/wp-json\/wp\/v2\/media?parent=29107"}],"wp:term":[{"taxonomy":"product_brand","embeddable":true,"href":"https:\/\/albatros.designgo.ca\/index.php\/wp-json\/wp\/v2\/product_brand?post=29107"},{"taxonomy":"product_cat","embeddable":true,"href":"https:\/\/albatros.designgo.ca\/index.php\/wp-json\/wp\/v2\/product_cat?post=29107"},{"taxonomy":"product_tag","embeddable":true,"href":"https:\/\/albatros.designgo.ca\/index.php\/wp-json\/wp\/v2\/product_tag?post=29107"}],"curies":[{"name":"wp","href":"https:\/\/api.w.org\/{rel}","templated":true}]}}