{"id":29096,"date":"2025-08-21T14:29:10","date_gmt":"2025-08-21T18:29:10","guid":{"rendered":"https:\/\/albatros.designgo.ca\/?post_type=product&#038;p=29096"},"modified":"2025-09-03T14:57:16","modified_gmt":"2025-09-03T18:57:16","slug":"polo-collection-vintage","status":"publish","type":"product","link":"https:\/\/albatros.designgo.ca\/index.php\/produit\/polo-collection-vintage\/","title":{"rendered":"Polo Collection Vintage"},"content":{"rendered":"","protected":false},"excerpt":{"rendered":"<p>11,3 oz, 100 % coton file\u0301 a\u0300 l&rsquo;anneau, pre\u0301re\u0301tre\u0301ci<br \/>\nBande de recouvrement d\u2019une \u00e9paule \u00e0 l\u2019autre<br \/>\nDoubles piq\u00fbres au col<br \/>\nCouture \u00e0 deux aiguilles aux manches et \u00e0 la base<br \/>\nCon\u00e7u pour un meilleur contr\u00f4le du r\u00e9tr\u00e9cissement<br \/>\nUtilise le meilleur tissu \u00e0 faible torsion, le plus doux sur le march\u00e9<br \/>\nTissu tourn\u00e9 d\u2019un quart de tour<\/p>\n","protected":false},"featured_media":29106,"template":"","meta":[],"product_brand":[],"product_cat":[83],"product_tag":[],"class_list":{"0":"post-29096","1":"product","2":"type-product","3":"status-publish","4":"has-post-thumbnail","6":"product_cat-collection-vintage","8":"first","9":"instock","10":"taxable","11":"shipping-taxable","12":"purchasable","13":"product-type-variable"},"_links":{"self":[{"href":"https:\/\/albatros.designgo.ca\/index.php\/wp-json\/wp\/v2\/product\/29096","targetHints":{"allow":["GET"]}}],"collection":[{"href":"https:\/\/albatros.designgo.ca\/index.php\/wp-json\/wp\/v2\/product"}],"about":[{"href":"https:\/\/albatros.designgo.ca\/index.php\/wp-json\/wp\/v2\/types\/product"}],"version-history":[{"count":2,"href":"https:\/\/albatros.designgo.ca\/index.php\/wp-json\/wp\/v2\/product\/29096\/revisions"}],"predecessor-version":[{"id":29340,"href":"https:\/\/albatros.designgo.ca\/index.php\/wp-json\/wp\/v2\/product\/29096\/revisions\/29340"}],"wp:featuredmedia":[{"embeddable":true,"href":"https:\/\/albatros.designgo.ca\/index.php\/wp-json\/wp\/v2\/media\/29106"}],"wp:attachment":[{"href":"https:\/\/albatros.designgo.ca\/index.php\/wp-json\/wp\/v2\/media?parent=29096"}],"wp:term":[{"taxonomy":"product_brand","embeddable":true,"href":"https:\/\/albatros.designgo.ca\/index.php\/wp-json\/wp\/v2\/product_brand?post=29096"},{"taxonomy":"product_cat","embeddable":true,"href":"https:\/\/albatros.designgo.ca\/index.php\/wp-json\/wp\/v2\/product_cat?post=29096"},{"taxonomy":"product_tag","embeddable":true,"href":"https:\/\/albatros.designgo.ca\/index.php\/wp-json\/wp\/v2\/product_tag?post=29096"}],"curies":[{"name":"wp","href":"https:\/\/api.w.org\/{rel}","templated":true}]}}