{"id":29080,"date":"2025-08-21T14:20:10","date_gmt":"2025-08-21T18:20:10","guid":{"rendered":"https:\/\/albatros.designgo.ca\/?post_type=product&#038;p=29080"},"modified":"2025-09-03T14:57:32","modified_gmt":"2025-09-03T18:57:32","slug":"t-shirt-collection-vintage","status":"publish","type":"product","link":"https:\/\/albatros.designgo.ca\/index.php\/produit\/t-shirt-collection-vintage\/","title":{"rendered":"T-Shirt Collection Vintage"},"content":{"rendered":"","protected":false},"excerpt":{"rendered":"<p>9,1 oz, 100 % coton<br \/>\nFils compact\u00e9s pour minimiser le r\u00e9tr\u00e9cissement<br \/>\nCol et \u00e9paules avec bande de propret\u00e9 pour plus de confort et de durabilit\u00e9<br \/>\n\u00c9tiquette d\u00e9tachable pour marquage personnel<br \/>\nPoint de recouvrement double sur les manches et l&rsquo;ourlet inf\u00e9rieur<br \/>\nCol en c\u00f4te 1&#215;1<br \/>\nCoupe classique<\/p>\n","protected":false},"featured_media":29088,"template":"","meta":[],"product_brand":[],"product_cat":[83],"product_tag":[],"class_list":{"0":"post-29080","1":"product","2":"type-product","3":"status-publish","4":"has-post-thumbnail","6":"product_cat-collection-vintage","8":"first","9":"instock","10":"taxable","11":"shipping-taxable","12":"purchasable","13":"product-type-variable"},"_links":{"self":[{"href":"https:\/\/albatros.designgo.ca\/index.php\/wp-json\/wp\/v2\/product\/29080","targetHints":{"allow":["GET"]}}],"collection":[{"href":"https:\/\/albatros.designgo.ca\/index.php\/wp-json\/wp\/v2\/product"}],"about":[{"href":"https:\/\/albatros.designgo.ca\/index.php\/wp-json\/wp\/v2\/types\/product"}],"version-history":[{"count":3,"href":"https:\/\/albatros.designgo.ca\/index.php\/wp-json\/wp\/v2\/product\/29080\/revisions"}],"predecessor-version":[{"id":29342,"href":"https:\/\/albatros.designgo.ca\/index.php\/wp-json\/wp\/v2\/product\/29080\/revisions\/29342"}],"wp:featuredmedia":[{"embeddable":true,"href":"https:\/\/albatros.designgo.ca\/index.php\/wp-json\/wp\/v2\/media\/29088"}],"wp:attachment":[{"href":"https:\/\/albatros.designgo.ca\/index.php\/wp-json\/wp\/v2\/media?parent=29080"}],"wp:term":[{"taxonomy":"product_brand","embeddable":true,"href":"https:\/\/albatros.designgo.ca\/index.php\/wp-json\/wp\/v2\/product_brand?post=29080"},{"taxonomy":"product_cat","embeddable":true,"href":"https:\/\/albatros.designgo.ca\/index.php\/wp-json\/wp\/v2\/product_cat?post=29080"},{"taxonomy":"product_tag","embeddable":true,"href":"https:\/\/albatros.designgo.ca\/index.php\/wp-json\/wp\/v2\/product_tag?post=29080"}],"curies":[{"name":"wp","href":"https:\/\/api.w.org\/{rel}","templated":true}]}}