{"id":29068,"date":"2025-08-21T14:12:05","date_gmt":"2025-08-21T18:12:05","guid":{"rendered":"https:\/\/albatros.designgo.ca\/?post_type=product&#038;p=29068"},"modified":"2025-09-03T14:56:50","modified_gmt":"2025-09-03T18:56:50","slug":"kangourou-collection-vintage","status":"publish","type":"product","link":"https:\/\/albatros.designgo.ca\/index.php\/produit\/kangourou-collection-vintage\/","title":{"rendered":"Kangourou Collection Vintage"},"content":{"rendered":"","protected":false},"excerpt":{"rendered":"<p>Polaire 50\/50 coton\/polyester 375 g<br \/>\nPolaire 3 brins<br \/>\nFils compact\u00e9s pour minimiser le r\u00e9tr\u00e9cissement<br \/>\nCapuche doubl\u00e9e avec cordon de serrage<br \/>\nPoignets et taille en tricot c\u00f4tel\u00e9<br \/>\nAnti-boulochage<br \/>\nCoupe classique<\/p>\n","protected":false},"featured_media":29076,"template":"","meta":[],"product_brand":[],"product_cat":[83],"product_tag":[],"class_list":{"0":"post-29068","1":"product","2":"type-product","3":"status-publish","4":"has-post-thumbnail","6":"product_cat-collection-vintage","8":"first","9":"instock","10":"taxable","11":"shipping-taxable","12":"purchasable","13":"product-type-variable"},"_links":{"self":[{"href":"https:\/\/albatros.designgo.ca\/index.php\/wp-json\/wp\/v2\/product\/29068","targetHints":{"allow":["GET"]}}],"collection":[{"href":"https:\/\/albatros.designgo.ca\/index.php\/wp-json\/wp\/v2\/product"}],"about":[{"href":"https:\/\/albatros.designgo.ca\/index.php\/wp-json\/wp\/v2\/types\/product"}],"version-history":[{"count":4,"href":"https:\/\/albatros.designgo.ca\/index.php\/wp-json\/wp\/v2\/product\/29068\/revisions"}],"predecessor-version":[{"id":29338,"href":"https:\/\/albatros.designgo.ca\/index.php\/wp-json\/wp\/v2\/product\/29068\/revisions\/29338"}],"wp:featuredmedia":[{"embeddable":true,"href":"https:\/\/albatros.designgo.ca\/index.php\/wp-json\/wp\/v2\/media\/29076"}],"wp:attachment":[{"href":"https:\/\/albatros.designgo.ca\/index.php\/wp-json\/wp\/v2\/media?parent=29068"}],"wp:term":[{"taxonomy":"product_brand","embeddable":true,"href":"https:\/\/albatros.designgo.ca\/index.php\/wp-json\/wp\/v2\/product_brand?post=29068"},{"taxonomy":"product_cat","embeddable":true,"href":"https:\/\/albatros.designgo.ca\/index.php\/wp-json\/wp\/v2\/product_cat?post=29068"},{"taxonomy":"product_tag","embeddable":true,"href":"https:\/\/albatros.designgo.ca\/index.php\/wp-json\/wp\/v2\/product_tag?post=29068"}],"curies":[{"name":"wp","href":"https:\/\/api.w.org\/{rel}","templated":true}]}}